{"id":283,"date":"2020-04-15T12:26:11","date_gmt":"2020-04-15T10:26:11","guid":{"rendered":"https:\/\/studiofornaroli.exum.eu\/?page_id=283"},"modified":"2020-09-14T16:31:55","modified_gmt":"2020-09-14T14:31:55","slug":"studio-professionale","status":"publish","type":"page","link":"https:\/\/studio-fornaroli.com\/?page_id=283","title":{"rendered":"Studio di Progettazione e Architettura"},"content":{"rendered":"<div  data-label=\"Chi siamo\" data-id=\"about--1\" data-export-id=\"about-text-image\" data-category=\"about\" class=\"about-text-image content-section content-section-spacing\" id=\"chi-siamo\" style=\"background-color: rgb(255, 255, 255); background-image: none;\"><div  class=\"gridContainer\"> <div  class=\"row\"><div  class=\"col-sm-6 col-padding-small-xs col-sm-padding-large bg-color5 white-text content-col\" data-type=\"column\">  <h2  class=\"\">CHI SIAMO<\/h2> <p  class=\"\">Con sede a Milano, lo Studio Fornaroli si dedica, dal 1993, alla progettazione: principalmente nel contesto architettonico e dell\u2019Interior Design, in particolarit\u00e0, l\u2019ambito dell\u2019abitare. \n<br >Le caratteristiche che determinano le linee guida dello studio, sono l\u2019approccio \u201csartoriale\u201d e l\u2019attenzione rivolta al committente, le quali hanno orientato in oltre 20 anni, un\u2019attivit\u00e0 densa di realizzazioni. L\u2019esperienza acquisita negli anni, la competenza tecnica, la capacit\u00e0 di coordinare un\u2018ampia rete di figure professionali di elevatissimo profilo, permette di affrontare diversi progetti, dal pi\u00f9 semplice al pi\u00f9 complesso, ottenendo soluzioni progettuali di grande qualit\u00e0 formale, sempre calibrate secondo le esigenze del cliente.<\/p><\/div> <div  class=\"col-sm-6 flexbox-strech center-xs middle-xs no-gutter-col\"><div  class=\"shadow-large overlap-left-large flexbox middle-xs center-xs right-img\" data-bg=\"image\" style=\"background-image: url(&quot;https:\/\/studio-fornaroli.com\/wp-content\/uploads\/2020\/07\/foto-2-progetti-1.jpg&quot;);\"><\/div><\/div> <\/div><\/div> <\/div><div  data-label=\"I nostri servizi\" data-id=\"features--1\" data-export-id=\"features-13\" data-category=\"features\" class=\"features-13 content-section content-section-spacing content-relative\" id=\"i-nostri-servizi\" style=\"background-color: rgba(178, 24, 52, 0); background-image: none;\"><div  class=\"gridContainer\"> <div  class=\"row text-center\"><div  class=\"section-title-col\" data-type=\"column\"> <h2  class=\"\"><span  class=\"\" style=\"margin-bottom: 16px; outline-color: rgb(204, 204, 204); outline-style: solid; text-rendering: optimizelegibility; font-size: 2.5rem; line-height: 3rem; overflow-wrap: break-word; color: rgb(178, 24, 52);\">COSA OFFRIAMO<\/span><\/h2> <\/div> <\/div> <div  class=\"row spaced-cols start-sm content-left-sm\" data-type=\"row\">  <div  class=\"col col-sm-6 space-bottom col-md-4\"><i  class=\"fa icon fa-connectdevelop bordered round big color2\"><\/i> <h4  class=\"\"><span  style=\"font-weight: 700; color: rgb(178, 24, 52);\">PROGETTAZIONE INTERIOR\n<br >&amp; EXTERIOR DESIGN<\/span><\/h4> <p  class=\"\"><span  style=\"color: rgb(178, 24, 52); font-weight: 600;\">Progettazione architettonica di interni\n<br >ed esterni, progetti di ristrutturazione e lighting&nbsp;design. Realizziamo un\u2019accurata\n<br >trasformazione, sino al dettaglio pi\u00f9 piccolo,\n<br >per creare&nbsp;un equilibrio tra armonia e personalit\u00e0, creando un Design unico.<\/span><span  id=\"_mce_caret\" data-mce-bogus=\"1\" data-mce-type=\"format-caret\"><span  style=\"color: rgb(178, 24, 52); font-weight: 600;\">\ufeff<\/span><\/span><\/p> <\/div> <div  class=\"col col-sm-6 space-bottom col-md-4\"><i  class=\"fa icon fa-suitcase bordered round big color2\"><\/i> <h4  class=\"\"><span  style=\"font-weight: 700;\"><font  color=\"#b21834\">DIREZIONE LAVORI<\/font><\/span><\/h4> <p  class=\"\"><span  style=\"color: rgb(178, 24, 52); font-weight: 600;\">Competenza ed efficacia nella direzione dei lavori in cantiere.<\/span><\/p> <\/div><div  class=\"col col-sm-6 space-bottom col-md-4\"> <i  class=\"fa icon fa-pencil-square-o bordered round big color2\"><\/i> <h4  class=\"\"><span  style=\"color: rgb(178, 24, 52); font-weight: 700;\">ASSISTENZA BUROCRATICA<\/span><\/h4> <p  class=\"\"><span  style=\"color: rgb(178, 24, 52); font-weight: 600;\">Lo studio offre una completa assistenza, nella redazione, di pratiche comunali e catastali.<\/span><\/p> <\/div>  <\/div><\/div> <\/div><div  data-label=\"Il Team\" data-id=\"team--1\" data-export-id=\"team-1\" data-category=\"team\" class=\"team-1 content-section content-section-spacing\" id=\"il-team\" style=\"background-color: rgb(255, 255, 255);\"><div  class=\"gridContainer\"> <div  class=\"row text-center\"><div  class=\"section-title-col\" data-type=\"column\"> <h2  class=\"\">Il nostro Team<\/h2> <p  class=\"lead\">Il Team \u00e8 composto da professionisti, dotati di grande esperienza e competenza.<\/p><\/div> <\/div> <div  class=\"row spaced-cols content-center-sm\" data-type=\"row\"> <div  class=\"col-xs-12 col-sm-6 col-md-6 \"> <div  class=\"card no-padding no-shadow bottom-border-color2\">  <div  data-type=\"column\" class=\"col-padding-small col-padding-small-xs description-container\"> <h4  class=\"font-500\">ARCH. FABIO FORNAROLI<\/h4> <p  class=\"small\" style=\"font-style: italic;\">Architetto<\/p> <h6  class=\"\"><span  style=\"font-family: &quot;Open Sans&quot;, arial, helvetica, sans-serif;\"><span  style=\"font-weight: 400;\">Laurea in Architettura al Politecnico di Milano, anno 1993.<\/span> <span  style=\"font-weight: 400;\">Esercita da subito la libera professione, spaziando in vari ambiti dell\u2019architettura e del design.<\/span><\/span><\/h6><div  class=\"social-icons-group\" data-type=\"group\"> <a href=\"https:\/\/www.instagram.com\/studio_fornaroli?hl=it\" target=\"_self\" rel=\"noopener noreferrer\" class=\"\"><i  class=\"fa icon fa-instagram color2\"><\/i><\/a> <a href=\"#\" target=\"_self\" data-reiki-hidden=\"true\" rel=\"noopener noreferrer\"><i  class=\"fa icon fa-twitter-square gray\"><\/i><\/a> <a href=\"#\" target=\"_self\" data-reiki-hidden=\"true\" rel=\"noopener noreferrer\"><i  class=\"fa icon fa-linkedin-square gray\"><\/i><\/a> <a href=\"#\" target=\"_self\" data-reiki-hidden=\"true\" rel=\"noopener noreferrer\"><i  class=\"fa icon fa-google-plus-square gray\"><\/i><\/a><\/div> <p  class=\"\">Studio Fornaroli_Architettura<\/p><\/div><\/div> <\/div><div  class=\"col-xs-12 col-sm-6 col-md-6 \"> <div  class=\"card no-padding no-shadow bottom-border-color2\">  <div  data-type=\"column\" class=\"col-padding-small col-padding-small-xs description-container\"> <h4  class=\"font-500\">ROBERTA DANISI<\/h4> <p  class=\"small\" style=\"font-style: italic;\">Architetto \u2013 Interior &amp; Exterior Design<\/p> <h6  class=\"\"><span  style=\"font-family: &quot;Open Sans&quot;, arial, helvetica, sans-serif; font-weight: 400;\">Laurea in Architettura al Politecnico di<\/span><br ><span  style=\"font-family: &quot;Open Sans&quot;, arial, helvetica, sans-serif; font-weight: 400;\">\nMilano, anno 1993.<\/span><\/h6><div  class=\"social-icons-group\" data-type=\"group\"> <a href=\"https:\/\/www.instagram.com?hl=it\" target=\"_self\" rel=\"noopener noreferrer\" class=\"\"><i  class=\"fa icon fa-instagram color2\"><\/i><\/a> <a href=\"#\" target=\"_self\" rel=\"noopener noreferrer\" data-reiki-hidden=\"true\"><i  class=\"fa icon fa-twitter-square gray\"><\/i><\/a> <a href=\"#\" target=\"_self\" rel=\"noopener noreferrer\" data-reiki-hidden=\"true\"><i  class=\"fa icon fa-linkedin-square gray\"><\/i><\/a> <a href=\"#\" target=\"_self\" rel=\"noopener noreferrer\" data-reiki-hidden=\"true\"><i  class=\"fa icon fa-google-plus-square gray\"><\/i><\/a><\/div> <\/div><\/div> <\/div>       <\/div> <\/div><\/div><div  data-label=\"Overlappable\" data-id=\"overlappable--1\" data-export-id=\"overlappable-3\" data-category=\"overlappable\" class=\"overlappable-3 content-section content-section-spacing\" data-overlap=\"true\" id=\"overlappable-1\" style=\"background-color: rgb(255, 255, 255);\"><div  class=\"gridContainer\"> <div  class=\"row bg-color-white shadow-medium\"><div  class=\"col-xs-12 col-sm-6 image-col first-image-col\" data-bg=\"image\" style=\"background-image: url(&quot;https:\/\/studio-fornaroli.com\/wp-content\/uploads\/2020\/04\/71-cucina-bianca-marr.-jpg.jpg&quot;);\"><\/div> <div  class=\"col-xs-12 col-sm-6 content-col col-padding col-padding-xs\"> <div  class=\"col-padding\" data-type=\"column\"><a  data-cp-link=\"1\" href=\"#\" class=\"\"><img decoding=\"async\"  class=\"custom-image\" src=\"https:\/\/studio-fornaroli.com\/wp-content\/uploads\/2020\/07\/FOTO-6.jpg\" alt=\"\" title=\"FOTO 6\"><\/a>   <\/div> <\/div><\/div> <div  class=\"row bg-color-white shadow-medium\"><div  class=\"col-xs-12 col-sm-6 content-col col-padding col-padding-xs\"> <div  class=\"col-padding\" data-type=\"column\">  <img decoding=\"async\"  class=\"custom-image\" src=\"https:\/\/studio-fornaroli.com\/wp-content\/uploads\/2020\/04\/80-ristorante-1.jpg\" alt=\"\" title=\"80 ristorante\"><\/div> <\/div> <div  class=\"col-xs-12 col-sm-6 image-col second-image-col first-xs last-sm\" data-bg=\"image\" style=\"background-image: url(&quot;https:\/\/studio-fornaroli.com\/wp-content\/uploads\/2020\/04\/23-soggiorno1.jpg&quot;);\"><\/div> <\/div><\/div> <\/div>","protected":false},"excerpt":{"rendered":"<p>CHI SIAMO Con sede a Milano, lo Studio Fornaroli si dedica, dal 1993, alla progettazione: principalmente nel contesto architettonico e dell\u2019Interior Design, in particolarit\u00e0, l\u2019ambito dell\u2019abitare. Le caratteristiche che determinano le linee guida dello studio, sono l\u2019approccio \u201csartoriale\u201d e l\u2019attenzione rivolta al committente, le quali hanno orientato in oltre 20 anni, un\u2019attivit\u00e0 densa di realizzazioni.&hellip; <br \/> <a class=\"read-more\" href=\"https:\/\/studio-fornaroli.com\/?page_id=283\">Read more<\/a><\/p>\n","protected":false},"author":1,"featured_media":647,"parent":0,"menu_order":0,"comment_status":"closed","ping_status":"closed","template":"","meta":{"footnotes":""},"class_list":["post-283","page","type-page","status-publish","has-post-thumbnail","hentry"],"_links":{"self":[{"href":"https:\/\/studio-fornaroli.com\/index.php?rest_route=\/wp\/v2\/pages\/283","targetHints":{"allow":["GET"]}}],"collection":[{"href":"https:\/\/studio-fornaroli.com\/index.php?rest_route=\/wp\/v2\/pages"}],"about":[{"href":"https:\/\/studio-fornaroli.com\/index.php?rest_route=\/wp\/v2\/types\/page"}],"author":[{"embeddable":true,"href":"https:\/\/studio-fornaroli.com\/index.php?rest_route=\/wp\/v2\/users\/1"}],"replies":[{"embeddable":true,"href":"https:\/\/studio-fornaroli.com\/index.php?rest_route=%2Fwp%2Fv2%2Fcomments&post=283"}],"version-history":[{"count":60,"href":"https:\/\/studio-fornaroli.com\/index.php?rest_route=\/wp\/v2\/pages\/283\/revisions"}],"predecessor-version":[{"id":1535,"href":"https:\/\/studio-fornaroli.com\/index.php?rest_route=\/wp\/v2\/pages\/283\/revisions\/1535"}],"wp:featuredmedia":[{"embeddable":true,"href":"https:\/\/studio-fornaroli.com\/index.php?rest_route=\/wp\/v2\/media\/647"}],"wp:attachment":[{"href":"https:\/\/studio-fornaroli.com\/index.php?rest_route=%2Fwp%2Fv2%2Fmedia&parent=283"}],"curies":[{"name":"wp","href":"https:\/\/api.w.org\/{rel}","templated":true}]}}